{"id":12,"date":"2024-03-15T20:46:56","date_gmt":"2024-03-15T19:46:56","guid":{"rendered":"https:\/\/lesalmees.fr\/?page_id=12"},"modified":"2025-01-19T17:23:23","modified_gmt":"2025-01-19T16:23:23","slug":"presentation","status":"publish","type":"page","link":"https:\/\/lesalmees.fr\/index.php\/presentation\/","title":{"rendered":"Pr\u00e9sentation"},"content":{"rendered":"\n<h2 class=\"wp-block-heading has-text-align-center\">Qui sommes nous ?<\/h2>\n\n\n\n<div class=\"wp-block-columns is-layout-flex wp-container-core-columns-is-layout-28f84493 wp-block-columns-is-layout-flex\">\n<div class=\"wp-block-column is-vertically-aligned-center is-layout-flow wp-block-column-is-layout-flow\">\n<figure class=\"wp-block-image size-large\"><img loading=\"lazy\" decoding=\"async\" width=\"1024\" height=\"681\" src=\"http:\/\/lesalmees.fr\/wp-content\/uploads\/2024\/05\/20240211-162910-Les_Almees-CD1mo-1-1024x681.jpg\" alt=\"Look r\u00e9tro FCBD\u00aeStyle\" class=\"wp-image-225\" style=\"aspect-ratio:1;object-fit:cover\" srcset=\"https:\/\/lesalmees.fr\/wp-content\/uploads\/2024\/05\/20240211-162910-Les_Almees-CD1mo-1-1024x681.jpg 1024w, https:\/\/lesalmees.fr\/wp-content\/uploads\/2024\/05\/20240211-162910-Les_Almees-CD1mo-1-300x200.jpg 300w, https:\/\/lesalmees.fr\/wp-content\/uploads\/2024\/05\/20240211-162910-Les_Almees-CD1mo-1-768x511.jpg 768w, https:\/\/lesalmees.fr\/wp-content\/uploads\/2024\/05\/20240211-162910-Les_Almees-CD1mo-1-1536x1022.jpg 1536w, https:\/\/lesalmees.fr\/wp-content\/uploads\/2024\/05\/20240211-162910-Les_Almees-CD1mo-1-2048x1363.jpg 2048w\" sizes=\"auto, (max-width: 1024px) 100vw, 1024px\" \/><figcaption class=\"wp-element-caption\">\u00a9 Cr\u00e9dits photos : Christian Delberghe<\/figcaption><\/figure>\n<\/div>\n\n\n\n<div class=\"wp-block-column is-vertically-aligned-center is-layout-flow wp-block-column-is-layout-flow\">\n<p class=\"has-text-align-center\">L&rsquo;association les Alm\u00e9es a \u00e9t\u00e9 cr\u00e9\u00e9e en 2007 dans le but de transmettre et faire connaitre les danses orientales et fusions.<\/p>\n\n\n\n<p class=\"has-text-align-center\"> Notre activit\u00e9 se d\u00e9veloppe aujourd&rsquo;hui autour de la d\u00e9couverte des danses orientales, de l&rsquo;apprentissage et du perfectionnement du FCBD\u00aeStyle.<\/p>\n\n\n\n<p class=\"has-text-align-center\">Les Alm\u00e9es ont \u00e0 c\u0153ur de promouvoir ces diff\u00e9rents styles de danse aupr\u00e8s du public, au travers de leurs ateliers hebdomadaires ou des divers \u00e9v\u00e8nements auxquels l&rsquo;association participe.<\/p>\n\n\n\n<p class=\"has-text-align-center\">Danseuses amateurs, les \u00e9l\u00e8ves ont la possibilit\u00e9 de rejoindre la petite troupe qui se pr\u00eate \u00e0 diverses manifestations publiques, et enrichissent de leurs propres influences le r\u00e9pertoire chor\u00e9graphique de l&rsquo;association.<\/p>\n<\/div>\n<\/div>\n\n\n\n<div style=\"height:25px\" aria-hidden=\"true\" class=\"wp-block-spacer\"><\/div>\n\n\n\n<h2 class=\"wp-block-heading has-text-align-center\">Notre pr\u00e9sidente et professeure<\/h2>\n\n\n\n<div class=\"wp-block-columns are-vertically-aligned-center is-layout-flex wp-container-core-columns-is-layout-28f84493 wp-block-columns-is-layout-flex\">\n<div class=\"wp-block-column is-vertically-aligned-center is-layout-flow wp-block-column-is-layout-flow\">\n<p class=\"has-text-align-center\">Muriel a commenc\u00e9 la danse tr\u00e8s jeune, avec le Modern Jazz, avant de s&rsquo;int\u00e9resser aux danses orientales traditionnelles, danses du monde et au FCBD\u00aeStyle.<\/p>\n\n\n\n<p class=\"has-text-align-center\">Pr\u00e9sidente de l&rsquo;association depuis 2011, elle d\u00e9couvre \u00e0 cette occasion l&rsquo;enseignement et transmet sa passion pendant 5 ans au sein de diverses associations (en Indre-et-Loire et Loir-et-Cher).<\/p>\n\n\n\n<p class=\"has-text-align-center\">Elle parfait alors sa pratique des danses orientales en se formant notamment aupr\u00e8s de Soraya Baghdadi (<a href=\"http:\/\/mouvementoriental.blogspot.fr\/\">Le Mouvement Oriental<\/a>), Yasmina Louati, Nicole El Hayani (<a href=\"http:\/\/www.nicole.eh.sitew.com\/\">Tao du Mouvement Oriental<\/a>) et de Saadia Souyah (<a href=\"https:\/\/www.facebook.com\/ciesaadiasouyah\/?locale=fr_FR\">Cie Sa\u00e2dia Souyah<\/a>).<\/p>\n\n\n\n<p class=\"has-text-align-center\">Muriel a \u00e9galement particip\u00e9 \u00e0 diff\u00e9rents stages de danses tsiganes et Kalbeliya au c\u00f4t\u00e9 de danseuses d&rsquo;horizons divers et d\u00e9couvre avec plaisir d&rsquo;autres danses du monde avec Marie-Aude Ravet (<a href=\"http:\/\/www.aux4vents.org\/\">Association aux 4 vents<\/a>), Padideh Pourmir, <a href=\"https:\/\/simonajovic.com\/\">Simona Jovic<\/a>&#8230;<\/p>\n\n\n\n<p class=\"has-text-align-center\">Elle se passionne pour le FCBD\u00aeStyle apr\u00e8s une premi\u00e8re formation aupr\u00e8s de Julie de St Blanquat (<a href=\"http:\/\/www.etoiledessables.com\/\">Etoile des Sables<\/a>) et perfectionne sa technique avec les danseuses de la troupe originale <a href=\"http:\/\/fcbd.com\/\">FatChanceBellyDance\u00ae<\/a>, notamment Anita Lawani, Kae Montgomery, mais aussi Sandi Ball, Wendy Allen et Kathy Stahlman. Aujourd&rsquo;hui elle enrichit son vocabulaire avec le dialecte de Devi Mamak <br>(<a href=\"https:\/\/caravandancecompany.com.au\/\">Caravan Dance Company<\/a>).<\/p>\n<\/div>\n\n\n\n<div class=\"wp-block-column is-vertically-aligned-center is-layout-flow wp-block-column-is-layout-flow\">\n<figure class=\"wp-block-image size-full\"><img loading=\"lazy\" decoding=\"async\" width=\"1050\" height=\"788\" src=\"http:\/\/lesalmees.fr\/wp-content\/uploads\/2023\/09\/13482975_1179909575388743_6216623123802613547_o.jpg\" alt=\"Danse orientale\" class=\"wp-image-32\" srcset=\"https:\/\/lesalmees.fr\/wp-content\/uploads\/2023\/09\/13482975_1179909575388743_6216623123802613547_o.jpg 1050w, https:\/\/lesalmees.fr\/wp-content\/uploads\/2023\/09\/13482975_1179909575388743_6216623123802613547_o-300x225.jpg 300w, https:\/\/lesalmees.fr\/wp-content\/uploads\/2023\/09\/13482975_1179909575388743_6216623123802613547_o-1024x768.jpg 1024w, https:\/\/lesalmees.fr\/wp-content\/uploads\/2023\/09\/13482975_1179909575388743_6216623123802613547_o-768x576.jpg 768w\" sizes=\"auto, (max-width: 1050px) 100vw, 1050px\" \/><figcaption class=\"wp-element-caption\">\u00a9 Cr\u00e9dits photos : S\u00e9bastien Mallet <\/figcaption><\/figure>\n<\/div>\n<\/div>\n\n\n\n<div style=\"height:25px\" aria-hidden=\"true\" class=\"wp-block-spacer\"><\/div>\n\n\n\n<h2 class=\"wp-block-heading has-text-align-center\">Les styles pratiqu\u00e9s <\/h2>\n\n\n\n<div class=\"wp-block-columns are-vertically-aligned-center is-layout-flex wp-container-core-columns-is-layout-28f84493 wp-block-columns-is-layout-flex\">\n<div class=\"wp-block-column is-vertically-aligned-center is-layout-flow wp-block-column-is-layout-flow\">\n<figure class=\"wp-block-gallery has-nested-images columns-default is-cropped wp-block-gallery-1 is-layout-flex wp-block-gallery-is-layout-flex\">\n<figure class=\"wp-block-image size-full\"><img loading=\"lazy\" decoding=\"async\" width=\"400\" height=\"267\" data-id=\"220\" src=\"http:\/\/lesalmees.fr\/wp-content\/uploads\/2024\/05\/DSC_1471.jpg\" alt=\"FCBD\u00aeStyle\" class=\"wp-image-220\" srcset=\"https:\/\/lesalmees.fr\/wp-content\/uploads\/2024\/05\/DSC_1471.jpg 400w, https:\/\/lesalmees.fr\/wp-content\/uploads\/2024\/05\/DSC_1471-300x200.jpg 300w\" sizes=\"auto, (max-width: 400px) 100vw, 400px\" \/><figcaption class=\"wp-element-caption\">\u00a9Cr\u00e9dit photo : Figeur Intemporel<\/figcaption><\/figure>\n<\/figure>\n<\/div>\n\n\n\n<div class=\"wp-block-column is-vertically-aligned-center is-layout-flow wp-block-column-is-layout-flow\">\n<ul class=\"wp-block-list\">\n<li><strong>FCBD\u00aeStyle et Tribal Fusion<\/strong> : modernit\u00e9 et m\u00e9lange de style de diff\u00e9rentes origines.<\/li>\n\n\n\n<li><strong>Bellywood<\/strong> : Lorsque l\u2019Inde rencontre les danses arabes<\/li>\n\n\n\n<li><strong>Tsigane <\/strong>: Sur la route des nomades.<\/li>\n\n\n\n<li><strong>Traditionnel<\/strong> : recherche de l\u2019authenticit\u00e9 et du naturel \u00e0 l\u2019origine des Danses Orientales<\/li>\n\n\n\n<li><strong>Percussion <\/strong>: danser au rythme de la derbouka<\/li>\n\n\n\n<li><strong>Rasq el sharki<\/strong> : le cabaret classique o\u00f9 l\u00e9g\u00e8ret\u00e9 et f\u00e9minit\u00e9 se conjuguent.<\/li>\n<\/ul>\n<\/div>\n<\/div>\n\n\n\n<div class=\"wp-block-buttons is-content-justification-center is-layout-flex wp-container-core-buttons-is-layout-d95ddfd4 wp-block-buttons-is-layout-flex\" style=\"margin-top:var(--wp--preset--spacing--60);margin-bottom:var(--wp--preset--spacing--60)\">\n<div class=\"wp-block-button\"><a class=\"wp-block-button__link has-text-align-center wp-element-button\" href=\"http:\/\/lesalmees.fr\/index.php\/2025\/01\/19\/prestations-animations\/\">Animations \/ Prestations<\/a><\/div>\n<\/div>\n\n\n\n<p><\/p>\n","protected":false},"excerpt":{"rendered":"<p>Qui sommes nous ? L&rsquo;association les Alm\u00e9es a \u00e9t\u00e9 cr\u00e9\u00e9e en 2007 dans le but de transmettre et faire connaitre les danses orientales et fusions. Notre activit\u00e9 se d\u00e9veloppe aujourd&rsquo;hui autour de la d\u00e9couverte des danses orientales, de l&rsquo;apprentissage et du perfectionnement du FCBD\u00aeStyle. Les Alm\u00e9es ont \u00e0 c\u0153ur de promouvoir ces diff\u00e9rents styles de [&hellip;]<\/p>\n","protected":false},"author":1,"featured_media":0,"parent":0,"menu_order":0,"comment_status":"closed","ping_status":"closed","template":"","meta":{"site-sidebar-layout":"default","site-content-layout":"","ast-site-content-layout":"","site-content-style":"default","site-sidebar-style":"default","ast-global-header-display":"","ast-banner-title-visibility":"","ast-main-header-display":"","ast-hfb-above-header-display":"","ast-hfb-below-header-display":"","ast-hfb-mobile-header-display":"","site-post-title":"","ast-breadcrumbs-content":"","ast-featured-img":"","footer-sml-layout":"","theme-transparent-header-meta":"","adv-header-id-meta":"","stick-header-meta":"","header-above-stick-meta":"","header-main-stick-meta":"","header-below-stick-meta":"","astra-migrate-meta-layouts":"default","ast-page-background-enabled":"default","ast-page-background-meta":{"desktop":{"background-color":"var(--ast-global-color-4)","background-image":"","background-repeat":"repeat","background-position":"center center","background-size":"auto","background-attachment":"scroll","background-type":"","background-media":"","overlay-type":"","overlay-color":"","overlay-gradient":""},"tablet":{"background-color":"","background-image":"","background-repeat":"repeat","background-position":"center center","background-size":"auto","background-attachment":"scroll","background-type":"","background-media":"","overlay-type":"","overlay-color":"","overlay-gradient":""},"mobile":{"background-color":"","background-image":"","background-repeat":"repeat","background-position":"center center","background-size":"auto","background-attachment":"scroll","background-type":"","background-media":"","overlay-type":"","overlay-color":"","overlay-gradient":""}},"ast-content-background-meta":{"desktop":{"background-color":"var(--ast-global-color-5)","background-image":"","background-repeat":"repeat","background-position":"center center","background-size":"auto","background-attachment":"scroll","background-type":"","background-media":"","overlay-type":"","overlay-color":"","overlay-gradient":""},"tablet":{"background-color":"var(--ast-global-color-5)","background-image":"","background-repeat":"repeat","background-position":"center center","background-size":"auto","background-attachment":"scroll","background-type":"","background-media":"","overlay-type":"","overlay-color":"","overlay-gradient":""},"mobile":{"background-color":"var(--ast-global-color-5)","background-image":"","background-repeat":"repeat","background-position":"center center","background-size":"auto","background-attachment":"scroll","background-type":"","background-media":"","overlay-type":"","overlay-color":"","overlay-gradient":""}},"footnotes":""},"class_list":["post-12","page","type-page","status-publish","hentry"],"yoast_head":"<!-- This site is optimized with the Yoast SEO plugin v22.2 - https:\/\/yoast.com\/wordpress\/plugins\/seo\/ -->\n<title>Pr\u00e9sentation - Les Alm\u00e9es<\/title>\n<meta name=\"robots\" content=\"index, follow, max-snippet:-1, max-image-preview:large, max-video-preview:-1\" \/>\n<link rel=\"canonical\" href=\"https:\/\/lesalmees.fr\/index.php\/presentation\/\" \/>\n<meta property=\"og:locale\" content=\"fr_FR\" \/>\n<meta property=\"og:type\" content=\"article\" \/>\n<meta property=\"og:title\" content=\"Pr\u00e9sentation - Les Alm\u00e9es\" \/>\n<meta property=\"og:description\" content=\"Qui sommes nous ? L&rsquo;association les Alm\u00e9es a \u00e9t\u00e9 cr\u00e9\u00e9e en 2007 dans le but de transmettre et faire connaitre les danses orientales et fusions. Notre activit\u00e9 se d\u00e9veloppe aujourd&rsquo;hui autour de la d\u00e9couverte des danses orientales, de l&rsquo;apprentissage et du perfectionnement du FCBD\u00aeStyle. Les Alm\u00e9es ont \u00e0 c\u0153ur de promouvoir ces diff\u00e9rents styles de [&hellip;]\" \/>\n<meta property=\"og:url\" content=\"https:\/\/lesalmees.fr\/index.php\/presentation\/\" \/>\n<meta property=\"og:site_name\" content=\"Les Alm\u00e9es\" \/>\n<meta property=\"article:modified_time\" content=\"2025-01-19T16:23:23+00:00\" \/>\n<meta property=\"og:image\" content=\"http:\/\/lesalmees.fr\/wp-content\/uploads\/2024\/05\/20240211-162910-Les_Almees-CD1mo-1-1024x681.jpg\" \/>\n<meta name=\"twitter:card\" content=\"summary_large_image\" \/>\n<meta name=\"twitter:label1\" content=\"Dur\u00e9e de lecture estim\u00e9e\" \/>\n\t<meta name=\"twitter:data1\" content=\"3 minutes\" \/>\n<script type=\"application\/ld+json\" class=\"yoast-schema-graph\">{\"@context\":\"https:\/\/schema.org\",\"@graph\":[{\"@type\":\"WebPage\",\"@id\":\"https:\/\/lesalmees.fr\/index.php\/presentation\/\",\"url\":\"https:\/\/lesalmees.fr\/index.php\/presentation\/\",\"name\":\"Pr\u00e9sentation - Les Alm\u00e9es\",\"isPartOf\":{\"@id\":\"https:\/\/lesalmees.fr\/#website\"},\"primaryImageOfPage\":{\"@id\":\"https:\/\/lesalmees.fr\/index.php\/presentation\/#primaryimage\"},\"image\":{\"@id\":\"https:\/\/lesalmees.fr\/index.php\/presentation\/#primaryimage\"},\"thumbnailUrl\":\"http:\/\/lesalmees.fr\/wp-content\/uploads\/2024\/05\/20240211-162910-Les_Almees-CD1mo-1-1024x681.jpg\",\"datePublished\":\"2024-03-15T19:46:56+00:00\",\"dateModified\":\"2025-01-19T16:23:23+00:00\",\"breadcrumb\":{\"@id\":\"https:\/\/lesalmees.fr\/index.php\/presentation\/#breadcrumb\"},\"inLanguage\":\"fr-FR\",\"potentialAction\":[{\"@type\":\"ReadAction\",\"target\":[\"https:\/\/lesalmees.fr\/index.php\/presentation\/\"]}]},{\"@type\":\"ImageObject\",\"inLanguage\":\"fr-FR\",\"@id\":\"https:\/\/lesalmees.fr\/index.php\/presentation\/#primaryimage\",\"url\":\"https:\/\/lesalmees.fr\/wp-content\/uploads\/2024\/05\/20240211-162910-Les_Almees-CD1mo-1-scaled.jpg\",\"contentUrl\":\"https:\/\/lesalmees.fr\/wp-content\/uploads\/2024\/05\/20240211-162910-Les_Almees-CD1mo-1-scaled.jpg\",\"width\":2560,\"height\":1704,\"caption\":\"\u00a9 Cr\u00e9dits photos : Christian Delberghe\"},{\"@type\":\"BreadcrumbList\",\"@id\":\"https:\/\/lesalmees.fr\/index.php\/presentation\/#breadcrumb\",\"itemListElement\":[{\"@type\":\"ListItem\",\"position\":1,\"name\":\"Accueil\",\"item\":\"https:\/\/lesalmees.fr\/\"},{\"@type\":\"ListItem\",\"position\":2,\"name\":\"Pr\u00e9sentation\"}]},{\"@type\":\"WebSite\",\"@id\":\"https:\/\/lesalmees.fr\/#website\",\"url\":\"https:\/\/lesalmees.fr\/\",\"name\":\"Les Alm\u00e9es\",\"description\":\"\",\"publisher\":{\"@id\":\"https:\/\/lesalmees.fr\/#organization\"},\"potentialAction\":[{\"@type\":\"SearchAction\",\"target\":{\"@type\":\"EntryPoint\",\"urlTemplate\":\"https:\/\/lesalmees.fr\/?s={search_term_string}\"},\"query-input\":\"required name=search_term_string\"}],\"inLanguage\":\"fr-FR\"},{\"@type\":\"Organization\",\"@id\":\"https:\/\/lesalmees.fr\/#organization\",\"name\":\"Les Alm\u00e9es\",\"url\":\"https:\/\/lesalmees.fr\/\",\"logo\":{\"@type\":\"ImageObject\",\"inLanguage\":\"fr-FR\",\"@id\":\"https:\/\/lesalmees.fr\/#\/schema\/logo\/image\/\",\"url\":\"https:\/\/lesalmees.fr\/wp-content\/uploads\/2023\/09\/cropped-logo3-copier-1.png\",\"contentUrl\":\"https:\/\/lesalmees.fr\/wp-content\/uploads\/2023\/09\/cropped-logo3-copier-1.png\",\"width\":799,\"height\":916,\"caption\":\"Les Alm\u00e9es\"},\"image\":{\"@id\":\"https:\/\/lesalmees.fr\/#\/schema\/logo\/image\/\"}}]}<\/script>\n<!-- \/ Yoast SEO plugin. -->","yoast_head_json":{"title":"Pr\u00e9sentation - Les Alm\u00e9es","robots":{"index":"index","follow":"follow","max-snippet":"max-snippet:-1","max-image-preview":"max-image-preview:large","max-video-preview":"max-video-preview:-1"},"canonical":"https:\/\/lesalmees.fr\/index.php\/presentation\/","og_locale":"fr_FR","og_type":"article","og_title":"Pr\u00e9sentation - Les Alm\u00e9es","og_description":"Qui sommes nous ? L&rsquo;association les Alm\u00e9es a \u00e9t\u00e9 cr\u00e9\u00e9e en 2007 dans le but de transmettre et faire connaitre les danses orientales et fusions. Notre activit\u00e9 se d\u00e9veloppe aujourd&rsquo;hui autour de la d\u00e9couverte des danses orientales, de l&rsquo;apprentissage et du perfectionnement du FCBD\u00aeStyle. Les Alm\u00e9es ont \u00e0 c\u0153ur de promouvoir ces diff\u00e9rents styles de [&hellip;]","og_url":"https:\/\/lesalmees.fr\/index.php\/presentation\/","og_site_name":"Les Alm\u00e9es","article_modified_time":"2025-01-19T16:23:23+00:00","og_image":[{"url":"http:\/\/lesalmees.fr\/wp-content\/uploads\/2024\/05\/20240211-162910-Les_Almees-CD1mo-1-1024x681.jpg"}],"twitter_card":"summary_large_image","twitter_misc":{"Dur\u00e9e de lecture estim\u00e9e":"3 minutes"},"schema":{"@context":"https:\/\/schema.org","@graph":[{"@type":"WebPage","@id":"https:\/\/lesalmees.fr\/index.php\/presentation\/","url":"https:\/\/lesalmees.fr\/index.php\/presentation\/","name":"Pr\u00e9sentation - Les Alm\u00e9es","isPartOf":{"@id":"https:\/\/lesalmees.fr\/#website"},"primaryImageOfPage":{"@id":"https:\/\/lesalmees.fr\/index.php\/presentation\/#primaryimage"},"image":{"@id":"https:\/\/lesalmees.fr\/index.php\/presentation\/#primaryimage"},"thumbnailUrl":"http:\/\/lesalmees.fr\/wp-content\/uploads\/2024\/05\/20240211-162910-Les_Almees-CD1mo-1-1024x681.jpg","datePublished":"2024-03-15T19:46:56+00:00","dateModified":"2025-01-19T16:23:23+00:00","breadcrumb":{"@id":"https:\/\/lesalmees.fr\/index.php\/presentation\/#breadcrumb"},"inLanguage":"fr-FR","potentialAction":[{"@type":"ReadAction","target":["https:\/\/lesalmees.fr\/index.php\/presentation\/"]}]},{"@type":"ImageObject","inLanguage":"fr-FR","@id":"https:\/\/lesalmees.fr\/index.php\/presentation\/#primaryimage","url":"https:\/\/lesalmees.fr\/wp-content\/uploads\/2024\/05\/20240211-162910-Les_Almees-CD1mo-1-scaled.jpg","contentUrl":"https:\/\/lesalmees.fr\/wp-content\/uploads\/2024\/05\/20240211-162910-Les_Almees-CD1mo-1-scaled.jpg","width":2560,"height":1704,"caption":"\u00a9 Cr\u00e9dits photos : Christian Delberghe"},{"@type":"BreadcrumbList","@id":"https:\/\/lesalmees.fr\/index.php\/presentation\/#breadcrumb","itemListElement":[{"@type":"ListItem","position":1,"name":"Accueil","item":"https:\/\/lesalmees.fr\/"},{"@type":"ListItem","position":2,"name":"Pr\u00e9sentation"}]},{"@type":"WebSite","@id":"https:\/\/lesalmees.fr\/#website","url":"https:\/\/lesalmees.fr\/","name":"Les Alm\u00e9es","description":"","publisher":{"@id":"https:\/\/lesalmees.fr\/#organization"},"potentialAction":[{"@type":"SearchAction","target":{"@type":"EntryPoint","urlTemplate":"https:\/\/lesalmees.fr\/?s={search_term_string}"},"query-input":"required name=search_term_string"}],"inLanguage":"fr-FR"},{"@type":"Organization","@id":"https:\/\/lesalmees.fr\/#organization","name":"Les Alm\u00e9es","url":"https:\/\/lesalmees.fr\/","logo":{"@type":"ImageObject","inLanguage":"fr-FR","@id":"https:\/\/lesalmees.fr\/#\/schema\/logo\/image\/","url":"https:\/\/lesalmees.fr\/wp-content\/uploads\/2023\/09\/cropped-logo3-copier-1.png","contentUrl":"https:\/\/lesalmees.fr\/wp-content\/uploads\/2023\/09\/cropped-logo3-copier-1.png","width":799,"height":916,"caption":"Les Alm\u00e9es"},"image":{"@id":"https:\/\/lesalmees.fr\/#\/schema\/logo\/image\/"}}]}},"_links":{"self":[{"href":"https:\/\/lesalmees.fr\/index.php\/wp-json\/wp\/v2\/pages\/12","targetHints":{"allow":["GET"]}}],"collection":[{"href":"https:\/\/lesalmees.fr\/index.php\/wp-json\/wp\/v2\/pages"}],"about":[{"href":"https:\/\/lesalmees.fr\/index.php\/wp-json\/wp\/v2\/types\/page"}],"author":[{"embeddable":true,"href":"https:\/\/lesalmees.fr\/index.php\/wp-json\/wp\/v2\/users\/1"}],"replies":[{"embeddable":true,"href":"https:\/\/lesalmees.fr\/index.php\/wp-json\/wp\/v2\/comments?post=12"}],"version-history":[{"count":24,"href":"https:\/\/lesalmees.fr\/index.php\/wp-json\/wp\/v2\/pages\/12\/revisions"}],"predecessor-version":[{"id":487,"href":"https:\/\/lesalmees.fr\/index.php\/wp-json\/wp\/v2\/pages\/12\/revisions\/487"}],"wp:attachment":[{"href":"https:\/\/lesalmees.fr\/index.php\/wp-json\/wp\/v2\/media?parent=12"}],"curies":[{"name":"wp","href":"https:\/\/api.w.org\/{rel}","templated":true}]}}