{"id":14,"date":"2024-03-15T20:46:19","date_gmt":"2024-03-15T19:46:19","guid":{"rendered":"https:\/\/lesalmees.fr\/?page_id=14"},"modified":"2025-09-03T09:57:12","modified_gmt":"2025-09-03T07:57:12","slug":"ateliers","status":"publish","type":"page","link":"https:\/\/lesalmees.fr\/index.php\/ateliers\/","title":{"rendered":"Ateliers"},"content":{"rendered":"\n<h2 class=\"wp-block-heading has-text-align-center\">Les Ateliers techniques FCBD\u00aeStyle<\/h2>\n\n\n\n<div style=\"height:10px\" aria-hidden=\"true\" class=\"wp-block-spacer\"><\/div>\n\n\n\n<div class=\"wp-block-columns are-vertically-aligned-center is-layout-flex wp-container-core-columns-is-layout-28f84493 wp-block-columns-is-layout-flex\">\n<div class=\"wp-block-column is-vertically-aligned-center is-layout-flow wp-block-column-is-layout-flow\">\n<div class=\"wp-block-cover aligncenter is-light\"><img loading=\"lazy\" decoding=\"async\" width=\"2158\" height=\"1440\" class=\"wp-block-cover__image-background wp-image-233\" alt=\"Ateliers techniques FCBD\u00aeStyle\" src=\"http:\/\/lesalmees.fr\/wp-content\/uploads\/2024\/05\/DSCN9250-scaled-e1716746721203.jpg\" style=\"object-position:100% 50%\" data-object-fit=\"cover\" data-object-position=\"100% 50%\" srcset=\"https:\/\/lesalmees.fr\/wp-content\/uploads\/2024\/05\/DSCN9250-scaled-e1716746721203.jpg 2158w, https:\/\/lesalmees.fr\/wp-content\/uploads\/2024\/05\/DSCN9250-scaled-e1716746721203-300x200.jpg 300w, https:\/\/lesalmees.fr\/wp-content\/uploads\/2024\/05\/DSCN9250-scaled-e1716746721203-1024x683.jpg 1024w, https:\/\/lesalmees.fr\/wp-content\/uploads\/2024\/05\/DSCN9250-scaled-e1716746721203-768x512.jpg 768w, https:\/\/lesalmees.fr\/wp-content\/uploads\/2024\/05\/DSCN9250-scaled-e1716746721203-1536x1025.jpg 1536w, https:\/\/lesalmees.fr\/wp-content\/uploads\/2024\/05\/DSCN9250-scaled-e1716746721203-2048x1367.jpg 2048w\" sizes=\"auto, (max-width: 2158px) 100vw, 2158px\" \/><span aria-hidden=\"true\" class=\"wp-block-cover__background has-background-dim-30 has-background-dim\" style=\"background-color:#9e9377\"><\/span><div class=\"wp-block-cover__inner-container is-layout-flow wp-block-cover-is-layout-flow\">\n<p><\/p>\n<\/div><\/div>\n<\/div>\n\n\n\n<div class=\"wp-block-column is-vertically-aligned-center is-layout-flow wp-block-column-is-layout-flow\">\n<p class=\"has-text-align-center\"><strong>Les vendredis (hors vacances scolaires)<\/strong><\/p>\n\n\n\n<p class=\"has-text-align-center\"><em>Venez d\u00e9couvrir ou approfondir la pratique du FCBD\u00aeStyle lors d&rsquo;ateliers techniques d&rsquo;1h15 !<\/em><\/p>\n\n\n\n<p class=\"has-text-align-center\">Cette danse d\u2019improvisation de groupe aux multiples influences a \u00e9t\u00e9 cr\u00e9\u00e9e aux \u00c9tats-Unis en 1987 par Carolena Nericcio. Elle utilise un vocabulaire de mouvements lents et rapides ainsi qu&rsquo;un ensemble de rep\u00e8res permettant aux danseurs de communiquer entre eux.<\/p>\n\n\n\n<p class=\"has-text-align-center\"><a href=\"https:\/\/www.helloasso.com\/associations\/association-les-almees\/adhesions\/ateliers-fcbdstyle-techniques-avancees-2\" target=\"_blank\" rel=\"noreferrer noopener\">De 18h30 \u00e0 19h45 : Techniques avanc\u00e9es, combos, dialectes<\/a><br><a href=\"https:\/\/www.helloasso.com\/associations\/association-les-almees\/adhesions\/ateliers-fcbdstyle-techniques-de-base-2\" target=\"_blank\" rel=\"noreferrer noopener\">De 19h45 \u00e0 21h00 :<em> <\/em>Techniques et formations de base<\/a><\/p>\n\n\n\n<p class=\"has-text-align-center\"><em><strong>Inscriptions :<\/strong><\/em><br>240\u20ac pour un cours &#8211; <a href=\"https:\/\/www.helloasso.com\/associations\/association-les-almees\/adhesions\/2-ateliers-fcbdstyle-2\" target=\"_blank\" rel=\"noreferrer noopener\">350\u20ac les deux cours<\/a> (adh\u00e9sion incluse)<br>Inclus les ateliers participatifs<\/p>\n\n\n\n<p><strong>Lieu :<\/strong> ADA &#8211; Palais Omnisports &#8211; salle 5 &#8211; 4 rue du Plessis \u00e0 BLOIS <\/p>\n\n\n\n<p class=\"has-text-align-center\"><strong>D\u00e9marrage vendredi 12 septembre 2025<\/strong><\/p>\n<\/div>\n<\/div>\n\n\n\n<hr class=\"wp-block-separator has-alpha-channel-opacity\"\/>\n\n\n\n<h2 class=\"wp-block-heading has-text-align-center\">Initiations FCBD\u00aeStyle<\/h2>\n\n\n\n<p class=\"has-text-align-center has-background\" style=\"background:linear-gradient(121deg,rgb(247,224,192) 0%,rgb(233,174,132) 100%)\"><strong>Pour celles et ceux qui viennent de loin et ne peuvent suivre les ateliers hebdomadaires, <br>deux rendez-vous exceptionnels sont \u00e0 retenir :<\/strong><\/p>\n\n\n\n<div class=\"wp-block-columns is-layout-flex wp-container-core-columns-is-layout-28f84493 wp-block-columns-is-layout-flex\">\n<div class=\"wp-block-column is-vertically-aligned-top is-layout-flow wp-block-column-is-layout-flow\">\n<figure class=\"wp-block-image aligncenter size-full is-resized\"><img loading=\"lazy\" decoding=\"async\" width=\"750\" height=\"1000\" src=\"http:\/\/lesalmees.fr\/wp-content\/uploads\/2025\/07\/received_1104968450187139.jpeg\" alt=\"\" class=\"wp-image-541\" style=\"width:374px;height:auto\" srcset=\"https:\/\/lesalmees.fr\/wp-content\/uploads\/2025\/07\/received_1104968450187139.jpeg 750w, https:\/\/lesalmees.fr\/wp-content\/uploads\/2025\/07\/received_1104968450187139-225x300.jpeg 225w\" sizes=\"auto, (max-width: 750px) 100vw, 750px\" \/><\/figure>\n<\/div>\n\n\n\n<div class=\"wp-block-column is-vertically-aligned-center is-layout-flow wp-block-column-is-layout-flow\">\n<p class=\"has-text-align-center\"><strong>Dimanche 30 novembre 2025<\/strong><br><strong>Dimanche 15 mars 2025<\/strong><\/p>\n\n\n\n<p class=\"has-text-align-center\"><strong>Lieu :<\/strong> Maison de B\u00e9gon &#8211; <a href=\"https:\/\/www.google.com\/url?sa=t&amp;source=web&amp;rct=j&amp;opi=89978449&amp;url=\/maps\/place\/\/data%3D!4m2!3m1!1s0x47e357f041e8c389:0x46850d3198787f11%3Fsa%3DX%26ved%3D1t:8290%26ictx%3D111&amp;ved=2ahUKEwjqjNSei8uOAxUvNPsDHb-yBYMQ4kB6BAgmEAM&amp;usg=AOvVaw0C_zUTdUrCAicxS6qgmOyV\" target=\"_blank\" rel=\"noreferrer noopener\">Rue Pierre et Marie Curie, 41000 Blois<\/a><\/p>\n\n\n\n<p class=\"has-text-align-center\"><strong>Au programme : <\/strong><br>10h00-13h00 : Technique de base FCBD\u00aeStyle<br>14h00-16h00 : Travail d&rsquo;un accessoire<sup>*<\/sup><br>16h00-18h00 : Danse libre<\/p>\n\n\n\n<p class=\"has-text-align-center\"><sup>*novembre : sagattes &#8211; mars : b\u00e2ton<\/sup> <sup>(sous r\u00e9serve de modifications)<\/sup><br>L&rsquo;apr\u00e8s-midi est ouverte \u00e0 toutes personnes ayant suivi l&rsquo;atelier du matin, les ateliers du vendredi soir ou ayant d\u00e9j\u00e0 les bases du FCBD\u00aeStyle <sub>(contacter Muriel)<\/sub><\/p>\n\n\n\n<p class=\"has-text-align-center\"><strong>Tarifs :<\/strong><br>40\u20ac la journ\u00e9e (30\u20ac la matin\u00e9e \/ 10\u20ac l&rsquo;apr\u00e8s-midi)<br>Adh\u00e9sion de 15\u20ac obligatoire<br><a href=\"https:\/\/www.helloasso.com\/associations\/association-les-almees\/evenements\/initiations-fcbd-style\" target=\"_blank\" rel=\"noreferrer noopener\"><strong>Inscription<\/strong><\/a><\/p>\n\n\n\n<p class=\"has-text-align-center\"><\/p>\n<\/div>\n<\/div>\n\n\n\n<div style=\"height:20px\" aria-hidden=\"true\" class=\"wp-block-spacer\"><\/div>\n\n\n\n<hr class=\"wp-block-separator aligncenter has-alpha-channel-opacity is-style-default\"\/>\n\n\n\n<div class=\"wp-block-group is-layout-constrained wp-block-group-is-layout-constrained\">\n<h2 class=\"wp-block-heading has-text-align-center\">Les Ateliers participatifs<\/h2>\n\n\n\n<div style=\"height:10px\" aria-hidden=\"true\" class=\"wp-block-spacer\"><\/div>\n\n\n\n<div class=\"wp-block-columns are-vertically-aligned-center is-layout-flex wp-container-core-columns-is-layout-28f84493 wp-block-columns-is-layout-flex\">\n<div class=\"wp-block-column is-vertically-aligned-center is-layout-flow wp-block-column-is-layout-flow\">\n<p class=\"has-text-align-center\"><strong>Un dimanche par mois de 10h \u00e0 13h<\/strong><br>(sur les dates des Rencontres FCBD\u00aeStyle)<\/p>\n\n\n\n<p class=\"has-text-align-center\"><em>Les ateliers participatifs ne sont pas des cours et peuvent \u00eatre anim\u00e9s par diff\u00e9rents membres de l&rsquo;association.<\/em><\/p>\n\n\n\n<p class=\"has-text-align-center\">Il s&rsquo;agit d&rsquo;un espace de partage o\u00f9 chaque danseur \u00e0 la possibilit\u00e9 de proposer une th\u00e9matique sur laquelle il souhaite travailler.<\/p>\n\n\n\n<p class=\"has-text-align-center\">Ces ateliers sont ouverts \u00e0 toute personne ayant d\u00e9j\u00e0 une exp\u00e9rience en danse, quelque soit le style pratiqu\u00e9. Ils peuvent \u00eatre d\u00e9di\u00e9s \u00e0 l&rsquo;apprentissage et\/ou \u00e0 la cr\u00e9ation de chor\u00e9graphies, la d\u00e9couverte d&rsquo;un accessoire, la confection et la cr\u00e9ation de costumes, etc.<\/p>\n\n\n\n<p class=\"has-text-align-center\"><strong>Tarifs<\/strong>&nbsp;:<br>Adh\u00e9sion de 15\u20ac + 5\u20ac par atelier<br>Inclus dans les Ateliers techniques hebdomadaires<\/p>\n<\/div>\n\n\n\n<div class=\"wp-block-column is-vertically-aligned-center is-layout-flow wp-block-column-is-layout-flow\">\n<figure class=\"wp-block-image aligncenter size-large is-resized\"><img loading=\"lazy\" decoding=\"async\" width=\"1024\" height=\"576\" src=\"http:\/\/lesalmees.fr\/wp-content\/uploads\/2023\/09\/278377909_5241350482582426_688574441130848837_n-e1698835410332-1024x576.webp\" alt=\"\" class=\"wp-image-29\" style=\"width:585px;height:auto\" srcset=\"https:\/\/lesalmees.fr\/wp-content\/uploads\/2023\/09\/278377909_5241350482582426_688574441130848837_n-e1698835410332-1024x576.webp 1024w, https:\/\/lesalmees.fr\/wp-content\/uploads\/2023\/09\/278377909_5241350482582426_688574441130848837_n-e1698835410332-300x169.webp 300w, https:\/\/lesalmees.fr\/wp-content\/uploads\/2023\/09\/278377909_5241350482582426_688574441130848837_n-e1698835410332-768x432.webp 768w, https:\/\/lesalmees.fr\/wp-content\/uploads\/2023\/09\/278377909_5241350482582426_688574441130848837_n-e1698835410332-1536x864.webp 1536w, https:\/\/lesalmees.fr\/wp-content\/uploads\/2023\/09\/278377909_5241350482582426_688574441130848837_n-e1698835410332.webp 2048w\" sizes=\"auto, (max-width: 1024px) 100vw, 1024px\" \/><\/figure>\n\n\n\n<p><strong>Lieu :<\/strong> ADA &#8211; Palais Omnisports &#8211; salle 5 &#8211; 4 rue du Plessis \u00e0 BLOIS<\/p>\n<\/div>\n<\/div>\n\n\n\n<hr class=\"wp-block-separator has-alpha-channel-opacity\"\/>\n<\/div>\n\n\n\n<h2 class=\"wp-block-heading has-text-align-center\">Les Rencontres FCBD\u00aeStyle<\/h2>\n\n\n\n<div style=\"height:12px\" aria-hidden=\"true\" class=\"wp-block-spacer\"><\/div>\n\n\n\n<div class=\"wp-block-columns is-layout-flex wp-container-core-columns-is-layout-28f84493 wp-block-columns-is-layout-flex\">\n<div class=\"wp-block-column is-vertically-aligned-center is-layout-flow wp-block-column-is-layout-flow\">\n<p class=\"has-text-align-center\"><strong>1 dimanche apr\u00e8s-midi par mois <strong>de 14h \u00e0 18h<\/strong><\/strong><br>(Dates confirm\u00e9es au trimestre)<\/p>\n\n\n\n<p class=\"has-text-align-center\"><em>Les rencontres sont un espace de partage, ouvert \u00e0 toute personne ayant d\u00e9j\u00e0 une exp\u00e9rience en FCBD\u00aeStyle.<\/em><\/p>\n\n\n\n<p class=\"has-text-align-center\">Quel que soit votre niveau et que vous apparteniez d\u00e9j\u00e0 \u00e0 une tribu ou non, venez nous rejoindre pour faire connaissance avec d&rsquo;autres danseurs et \u00e9changer vos exp\u00e9riences.<\/p>\n\n\n\n<p class=\"has-text-align-center\">\u00c9chauffement libre, playlists \u00e0 proposer, go\u00fbter partag\u00e9 et danse autant que notre corps le permet !<\/p>\n\n\n\n<p class=\"has-text-align-center\"><a href=\"https:\/\/www.helloasso.com\/associations\/association-les-almees\/adhesions\/rencontres-mensuelles-fcbdstyle-2\" target=\"_blank\" rel=\"noreferrer noopener\"><strong><em>Inscriptions<\/em><\/strong> :<\/a><br>Adh\u00e9sion de 15\u20ac + 5\u20ac par rencontre<br>Forfait unique de 40\u20ac \u00e0 l&rsquo;ann\u00e9e (hors stages)<\/p>\n\n\n\n<p><strong>Lieu :<\/strong> ADA &#8211; Palais Omnisports &#8211; salle 5 &#8211; 4 rue du Plessis \u00e0 BLOIS<\/p>\n\n\n\n<p class=\"has-text-align-left\"><strong>Dates des Rencontres et Ateliers participatifs :<\/strong><\/p>\n\n\n\n<div class=\"wp-block-columns is-layout-flex wp-container-core-columns-is-layout-28f84493 wp-block-columns-is-layout-flex\">\n<div class=\"wp-block-column is-layout-flow wp-block-column-is-layout-flow\">\n<p><em>Dates en attente de validation<\/em><\/p>\n\n\n\n<ul class=\"wp-block-list\">\n<li>05\/10\/2025<\/li>\n\n\n\n<li>02\/11\/2025<\/li>\n\n\n\n<li>07\/12\/2025<\/li>\n\n\n\n<li>04\/01\/2026<\/li>\n\n\n\n<li>01\/02\/2026<\/li>\n<\/ul>\n\n\n\n<p><\/p>\n<\/div>\n\n\n\n<div class=\"wp-block-column is-layout-flow wp-block-column-is-layout-flow\">\n<p class=\"has-text-align-left\"><\/p>\n\n\n\n<ul class=\"wp-block-list\">\n<li>01\/03\/2026<\/li>\n\n\n\n<li>26\/04\/2026<\/li>\n\n\n\n<li>31\/05\/2026<\/li>\n\n\n\n<li>28\/06\/2026<\/li>\n\n\n\n<li>&#8211;<\/li>\n<\/ul>\n<\/div>\n<\/div>\n<\/div>\n\n\n\n<div class=\"wp-block-column is-vertically-aligned-center is-layout-flow wp-block-column-is-layout-flow\">\n<figure class=\"wp-block-video\"><video height=\"848\" style=\"aspect-ratio: 480 \/ 848;\" width=\"480\" controls src=\"http:\/\/lesalmees.fr\/wp-content\/uploads\/2024\/08\/VID-20240123-WA0000.mp4\"><\/video><\/figure>\n<\/div>\n<\/div>\n\n\n\n<div class=\"wp-block-columns is-layout-flex wp-container-core-columns-is-layout-28f84493 wp-block-columns-is-layout-flex\">\n<div class=\"wp-block-column is-layout-flow wp-block-column-is-layout-flow\"><\/div>\n<\/div>\n\n\n\n<div style=\"height:21px\" aria-hidden=\"true\" class=\"wp-block-spacer\"><\/div>\n\n\n\n<center><iframe src=\"https:\/\/www.google.com\/maps\/embed?pb=!1m18!1m12!1m3!1d1345.3302508738557!2d1.327905865901355!3d47.59384517053012!2m3!1f0!2f0!3f0!3m2!1i1024!2i768!4f13.1!3m3!1m2!1s0x47e4a801fbaff793%3A0x49385d96861f8773!2s4%20Rue%20du%20Plessis%2C%2041000%20Blois!5e0!3m2!1sfr!2sfr!4v1715017376946!5m2!1sfr!2sfr\" width=\"600\" height=\"450\" style=\"border:0;\" allowfullscreen=\"\" loading=\"lazy\" referrerpolicy=\"no-referrer-when-downgrade\"><\/iframe><\/center>\n\n\n\n<div style=\"height:25px\" aria-hidden=\"true\" class=\"wp-block-spacer\"><\/div>\n","protected":false},"excerpt":{"rendered":"<p>Les Ateliers techniques FCBD\u00aeStyle Les vendredis (hors vacances scolaires) Venez d\u00e9couvrir ou approfondir la pratique du FCBD\u00aeStyle lors d&rsquo;ateliers techniques d&rsquo;1h15 ! Cette danse d\u2019improvisation de groupe aux multiples influences a \u00e9t\u00e9 cr\u00e9\u00e9e aux \u00c9tats-Unis en 1987 par Carolena Nericcio. Elle utilise un vocabulaire de mouvements lents et rapides ainsi qu&rsquo;un ensemble de rep\u00e8res permettant [&hellip;]<\/p>\n","protected":false},"author":1,"featured_media":0,"parent":0,"menu_order":0,"comment_status":"closed","ping_status":"closed","template":"","meta":{"site-sidebar-layout":"default","site-content-layout":"","ast-site-content-layout":"","site-content-style":"default","site-sidebar-style":"default","ast-global-header-display":"","ast-banner-title-visibility":"","ast-main-header-display":"","ast-hfb-above-header-display":"","ast-hfb-below-header-display":"","ast-hfb-mobile-header-display":"","site-post-title":"","ast-breadcrumbs-content":"","ast-featured-img":"","footer-sml-layout":"","theme-transparent-header-meta":"","adv-header-id-meta":"","stick-header-meta":"","header-above-stick-meta":"","header-main-stick-meta":"","header-below-stick-meta":"","astra-migrate-meta-layouts":"default","ast-page-background-enabled":"default","ast-page-background-meta":{"desktop":{"background-color":"var(--ast-global-color-4)","background-image":"","background-repeat":"repeat","background-position":"center center","background-size":"auto","background-attachment":"scroll","background-type":"","background-media":"","overlay-type":"","overlay-color":"","overlay-gradient":""},"tablet":{"background-color":"","background-image":"","background-repeat":"repeat","background-position":"center center","background-size":"auto","background-attachment":"scroll","background-type":"","background-media":"","overlay-type":"","overlay-color":"","overlay-gradient":""},"mobile":{"background-color":"","background-image":"","background-repeat":"repeat","background-position":"center center","background-size":"auto","background-attachment":"scroll","background-type":"","background-media":"","overlay-type":"","overlay-color":"","overlay-gradient":""}},"ast-content-background-meta":{"desktop":{"background-color":"var(--ast-global-color-5)","background-image":"","background-repeat":"repeat","background-position":"center center","background-size":"auto","background-attachment":"scroll","background-type":"","background-media":"","overlay-type":"","overlay-color":"","overlay-gradient":""},"tablet":{"background-color":"var(--ast-global-color-5)","background-image":"","background-repeat":"repeat","background-position":"center center","background-size":"auto","background-attachment":"scroll","background-type":"","background-media":"","overlay-type":"","overlay-color":"","overlay-gradient":""},"mobile":{"background-color":"var(--ast-global-color-5)","background-image":"","background-repeat":"repeat","background-position":"center center","background-size":"auto","background-attachment":"scroll","background-type":"","background-media":"","overlay-type":"","overlay-color":"","overlay-gradient":""}},"footnotes":""},"class_list":["post-14","page","type-page","status-publish","hentry"],"yoast_head":"<!-- This site is optimized with the Yoast SEO plugin v22.2 - https:\/\/yoast.com\/wordpress\/plugins\/seo\/ -->\n<title>Ateliers - Les Alm\u00e9es<\/title>\n<meta name=\"robots\" content=\"index, follow, max-snippet:-1, max-image-preview:large, max-video-preview:-1\" \/>\n<link rel=\"canonical\" href=\"https:\/\/lesalmees.fr\/index.php\/ateliers\/\" \/>\n<meta property=\"og:locale\" content=\"fr_FR\" \/>\n<meta property=\"og:type\" content=\"article\" \/>\n<meta property=\"og:title\" content=\"Ateliers - Les Alm\u00e9es\" \/>\n<meta property=\"og:description\" content=\"Les Ateliers techniques FCBD\u00aeStyle Les vendredis (hors vacances scolaires) Venez d\u00e9couvrir ou approfondir la pratique du FCBD\u00aeStyle lors d&rsquo;ateliers techniques d&rsquo;1h15 ! Cette danse d\u2019improvisation de groupe aux multiples influences a \u00e9t\u00e9 cr\u00e9\u00e9e aux \u00c9tats-Unis en 1987 par Carolena Nericcio. Elle utilise un vocabulaire de mouvements lents et rapides ainsi qu&rsquo;un ensemble de rep\u00e8res permettant [&hellip;]\" \/>\n<meta property=\"og:url\" content=\"https:\/\/lesalmees.fr\/index.php\/ateliers\/\" \/>\n<meta property=\"og:site_name\" content=\"Les Alm\u00e9es\" \/>\n<meta property=\"article:modified_time\" content=\"2025-09-03T07:57:12+00:00\" \/>\n<meta property=\"og:image\" content=\"http:\/\/lesalmees.fr\/wp-content\/uploads\/2024\/05\/DSCN9250-scaled-e1716746721203.jpg\" \/>\n<meta name=\"twitter:card\" content=\"summary_large_image\" \/>\n<meta name=\"twitter:label1\" content=\"Dur\u00e9e de lecture estim\u00e9e\" \/>\n\t<meta name=\"twitter:data1\" content=\"3 minutes\" \/>\n<script type=\"application\/ld+json\" class=\"yoast-schema-graph\">{\"@context\":\"https:\/\/schema.org\",\"@graph\":[{\"@type\":\"WebPage\",\"@id\":\"https:\/\/lesalmees.fr\/index.php\/ateliers\/\",\"url\":\"https:\/\/lesalmees.fr\/index.php\/ateliers\/\",\"name\":\"Ateliers - Les Alm\u00e9es\",\"isPartOf\":{\"@id\":\"https:\/\/lesalmees.fr\/#website\"},\"primaryImageOfPage\":{\"@id\":\"https:\/\/lesalmees.fr\/index.php\/ateliers\/#primaryimage\"},\"image\":{\"@id\":\"https:\/\/lesalmees.fr\/index.php\/ateliers\/#primaryimage\"},\"thumbnailUrl\":\"http:\/\/lesalmees.fr\/wp-content\/uploads\/2024\/05\/DSCN9250-scaled-e1716746721203.jpg\",\"datePublished\":\"2024-03-15T19:46:19+00:00\",\"dateModified\":\"2025-09-03T07:57:12+00:00\",\"breadcrumb\":{\"@id\":\"https:\/\/lesalmees.fr\/index.php\/ateliers\/#breadcrumb\"},\"inLanguage\":\"fr-FR\",\"potentialAction\":[{\"@type\":\"ReadAction\",\"target\":[\"https:\/\/lesalmees.fr\/index.php\/ateliers\/\"]}]},{\"@type\":\"ImageObject\",\"inLanguage\":\"fr-FR\",\"@id\":\"https:\/\/lesalmees.fr\/index.php\/ateliers\/#primaryimage\",\"url\":\"https:\/\/lesalmees.fr\/wp-content\/uploads\/2024\/05\/DSCN9250-scaled-e1716746721203.jpg\",\"contentUrl\":\"https:\/\/lesalmees.fr\/wp-content\/uploads\/2024\/05\/DSCN9250-scaled-e1716746721203.jpg\",\"width\":2158,\"height\":1440,\"caption\":\"Ateliers techniques FCBD\u00aeStyle\"},{\"@type\":\"BreadcrumbList\",\"@id\":\"https:\/\/lesalmees.fr\/index.php\/ateliers\/#breadcrumb\",\"itemListElement\":[{\"@type\":\"ListItem\",\"position\":1,\"name\":\"Accueil\",\"item\":\"https:\/\/lesalmees.fr\/\"},{\"@type\":\"ListItem\",\"position\":2,\"name\":\"Ateliers\"}]},{\"@type\":\"WebSite\",\"@id\":\"https:\/\/lesalmees.fr\/#website\",\"url\":\"https:\/\/lesalmees.fr\/\",\"name\":\"Les Alm\u00e9es\",\"description\":\"\",\"publisher\":{\"@id\":\"https:\/\/lesalmees.fr\/#organization\"},\"potentialAction\":[{\"@type\":\"SearchAction\",\"target\":{\"@type\":\"EntryPoint\",\"urlTemplate\":\"https:\/\/lesalmees.fr\/?s={search_term_string}\"},\"query-input\":\"required name=search_term_string\"}],\"inLanguage\":\"fr-FR\"},{\"@type\":\"Organization\",\"@id\":\"https:\/\/lesalmees.fr\/#organization\",\"name\":\"Les Alm\u00e9es\",\"url\":\"https:\/\/lesalmees.fr\/\",\"logo\":{\"@type\":\"ImageObject\",\"inLanguage\":\"fr-FR\",\"@id\":\"https:\/\/lesalmees.fr\/#\/schema\/logo\/image\/\",\"url\":\"https:\/\/lesalmees.fr\/wp-content\/uploads\/2023\/09\/cropped-logo3-copier-1.png\",\"contentUrl\":\"https:\/\/lesalmees.fr\/wp-content\/uploads\/2023\/09\/cropped-logo3-copier-1.png\",\"width\":799,\"height\":916,\"caption\":\"Les Alm\u00e9es\"},\"image\":{\"@id\":\"https:\/\/lesalmees.fr\/#\/schema\/logo\/image\/\"}}]}<\/script>\n<!-- \/ Yoast SEO plugin. -->","yoast_head_json":{"title":"Ateliers - Les Alm\u00e9es","robots":{"index":"index","follow":"follow","max-snippet":"max-snippet:-1","max-image-preview":"max-image-preview:large","max-video-preview":"max-video-preview:-1"},"canonical":"https:\/\/lesalmees.fr\/index.php\/ateliers\/","og_locale":"fr_FR","og_type":"article","og_title":"Ateliers - Les Alm\u00e9es","og_description":"Les Ateliers techniques FCBD\u00aeStyle Les vendredis (hors vacances scolaires) Venez d\u00e9couvrir ou approfondir la pratique du FCBD\u00aeStyle lors d&rsquo;ateliers techniques d&rsquo;1h15 ! Cette danse d\u2019improvisation de groupe aux multiples influences a \u00e9t\u00e9 cr\u00e9\u00e9e aux \u00c9tats-Unis en 1987 par Carolena Nericcio. Elle utilise un vocabulaire de mouvements lents et rapides ainsi qu&rsquo;un ensemble de rep\u00e8res permettant [&hellip;]","og_url":"https:\/\/lesalmees.fr\/index.php\/ateliers\/","og_site_name":"Les Alm\u00e9es","article_modified_time":"2025-09-03T07:57:12+00:00","og_image":[{"url":"http:\/\/lesalmees.fr\/wp-content\/uploads\/2024\/05\/DSCN9250-scaled-e1716746721203.jpg"}],"twitter_card":"summary_large_image","twitter_misc":{"Dur\u00e9e de lecture estim\u00e9e":"3 minutes"},"schema":{"@context":"https:\/\/schema.org","@graph":[{"@type":"WebPage","@id":"https:\/\/lesalmees.fr\/index.php\/ateliers\/","url":"https:\/\/lesalmees.fr\/index.php\/ateliers\/","name":"Ateliers - Les Alm\u00e9es","isPartOf":{"@id":"https:\/\/lesalmees.fr\/#website"},"primaryImageOfPage":{"@id":"https:\/\/lesalmees.fr\/index.php\/ateliers\/#primaryimage"},"image":{"@id":"https:\/\/lesalmees.fr\/index.php\/ateliers\/#primaryimage"},"thumbnailUrl":"http:\/\/lesalmees.fr\/wp-content\/uploads\/2024\/05\/DSCN9250-scaled-e1716746721203.jpg","datePublished":"2024-03-15T19:46:19+00:00","dateModified":"2025-09-03T07:57:12+00:00","breadcrumb":{"@id":"https:\/\/lesalmees.fr\/index.php\/ateliers\/#breadcrumb"},"inLanguage":"fr-FR","potentialAction":[{"@type":"ReadAction","target":["https:\/\/lesalmees.fr\/index.php\/ateliers\/"]}]},{"@type":"ImageObject","inLanguage":"fr-FR","@id":"https:\/\/lesalmees.fr\/index.php\/ateliers\/#primaryimage","url":"https:\/\/lesalmees.fr\/wp-content\/uploads\/2024\/05\/DSCN9250-scaled-e1716746721203.jpg","contentUrl":"https:\/\/lesalmees.fr\/wp-content\/uploads\/2024\/05\/DSCN9250-scaled-e1716746721203.jpg","width":2158,"height":1440,"caption":"Ateliers techniques FCBD\u00aeStyle"},{"@type":"BreadcrumbList","@id":"https:\/\/lesalmees.fr\/index.php\/ateliers\/#breadcrumb","itemListElement":[{"@type":"ListItem","position":1,"name":"Accueil","item":"https:\/\/lesalmees.fr\/"},{"@type":"ListItem","position":2,"name":"Ateliers"}]},{"@type":"WebSite","@id":"https:\/\/lesalmees.fr\/#website","url":"https:\/\/lesalmees.fr\/","name":"Les Alm\u00e9es","description":"","publisher":{"@id":"https:\/\/lesalmees.fr\/#organization"},"potentialAction":[{"@type":"SearchAction","target":{"@type":"EntryPoint","urlTemplate":"https:\/\/lesalmees.fr\/?s={search_term_string}"},"query-input":"required name=search_term_string"}],"inLanguage":"fr-FR"},{"@type":"Organization","@id":"https:\/\/lesalmees.fr\/#organization","name":"Les Alm\u00e9es","url":"https:\/\/lesalmees.fr\/","logo":{"@type":"ImageObject","inLanguage":"fr-FR","@id":"https:\/\/lesalmees.fr\/#\/schema\/logo\/image\/","url":"https:\/\/lesalmees.fr\/wp-content\/uploads\/2023\/09\/cropped-logo3-copier-1.png","contentUrl":"https:\/\/lesalmees.fr\/wp-content\/uploads\/2023\/09\/cropped-logo3-copier-1.png","width":799,"height":916,"caption":"Les Alm\u00e9es"},"image":{"@id":"https:\/\/lesalmees.fr\/#\/schema\/logo\/image\/"}}]}},"_links":{"self":[{"href":"https:\/\/lesalmees.fr\/index.php\/wp-json\/wp\/v2\/pages\/14","targetHints":{"allow":["GET"]}}],"collection":[{"href":"https:\/\/lesalmees.fr\/index.php\/wp-json\/wp\/v2\/pages"}],"about":[{"href":"https:\/\/lesalmees.fr\/index.php\/wp-json\/wp\/v2\/types\/page"}],"author":[{"embeddable":true,"href":"https:\/\/lesalmees.fr\/index.php\/wp-json\/wp\/v2\/users\/1"}],"replies":[{"embeddable":true,"href":"https:\/\/lesalmees.fr\/index.php\/wp-json\/wp\/v2\/comments?post=14"}],"version-history":[{"count":46,"href":"https:\/\/lesalmees.fr\/index.php\/wp-json\/wp\/v2\/pages\/14\/revisions"}],"predecessor-version":[{"id":556,"href":"https:\/\/lesalmees.fr\/index.php\/wp-json\/wp\/v2\/pages\/14\/revisions\/556"}],"wp:attachment":[{"href":"https:\/\/lesalmees.fr\/index.php\/wp-json\/wp\/v2\/media?parent=14"}],"curies":[{"name":"wp","href":"https:\/\/api.w.org\/{rel}","templated":true}]}}